{"id":9703,"date":"2024-10-20T16:56:15","date_gmt":"2024-10-20T13:56:15","guid":{"rendered":"https:\/\/gastrodiyari.com\/?page_id=9703"},"modified":"2024-11-05T15:34:41","modified_gmt":"2024-11-05T12:34:41","slug":"anasayfa-2","status":"publish","type":"page","link":"https:\/\/gastrodiyari.com\/","title":{"rendered":"ANASAYFA"},"content":{"rendered":"\t\t<div data-elementor-type=\"wp-page\" data-elementor-id=\"9703\" class=\"elementor elementor-9703\">\n\t\t\t\t\t\t<section class=\"elementor-section elementor-top-section elementor-element elementor-element-c38c9c1 elementor-section-height-min-height elementor-section-stretched elementor-section-full_width elementor-reverse-tablet elementor-reverse-mobile elementor-hidden-widescreen elementor-hidden-mobile elementor-section-height-default elementor-section-items-middle\" data-id=\"c38c9c1\" data-element_type=\"section\" data-e-type=\"section\" data-settings=\"{&quot;stretch_section&quot;:&quot;section-stretched&quot;,&quot;background_background&quot;:&quot;video&quot;,&quot;background_video_link&quot;:&quot;https:\\\/\\\/gastrodiyari.com\\\/wp-content\\\/uploads\\\/2024\\\/02\\\/TEASER_1.mp4&quot;,&quot;background_play_on_mobile&quot;:&quot;yes&quot;}\">\n\t\t\t\t\t\t\t\t<div class=\"elementor-background-video-container\">\n\t\t\t\t\t\t\t\t\t\t\t\t\t<video class=\"elementor-background-video-hosted\" role=\"presentation\" autoplay muted playsinline loop><\/video>\n\t\t\t\t\t\t\t\t\t\t\t<\/div>\n\t\t\t\t\t\t\t\t<div class=\"elementor-container elementor-column-gap-default\">\n\t\t\t\t\t<div class=\"elementor-column elementor-col-100 elementor-top-column elementor-element elementor-element-d069fab\" data-id=\"d069fab\" data-element_type=\"column\" data-e-type=\"column\">\n\t\t\t<div class=\"elementor-widget-wrap\">\n\t\t\t\t\t\t\t<\/div>\n\t\t<\/div>\n\t\t\t\t\t<\/div>\n\t\t<\/section>\n\t\t\t\t<section class=\"elementor-section elementor-top-section elementor-element elementor-element-5ba47352 elementor-section-height-min-height elementor-section-items-stretch elementor-section-content-bottom elementor-reverse-tablet elementor-section-boxed elementor-section-height-default\" data-id=\"5ba47352\" data-element_type=\"section\" data-e-type=\"section\" data-settings=\"{&quot;background_background&quot;:&quot;classic&quot;}\">\n\t\t\t\t\t\t<div class=\"elementor-container elementor-column-gap-no\">\n\t\t\t\t\t<div class=\"elementor-column elementor-col-50 elementor-top-column elementor-element elementor-element-633b3735\" data-id=\"633b3735\" data-element_type=\"column\" data-e-type=\"column\">\n\t\t\t<div class=\"elementor-widget-wrap\">\n\t\t\t\t\t\t\t<\/div>\n\t\t<\/div>\n\t\t\t\t<div class=\"elementor-column elementor-col-50 elementor-top-column elementor-element elementor-element-1153ffc0\" data-id=\"1153ffc0\" data-element_type=\"column\" data-e-type=\"column\" data-settings=\"{&quot;background_background&quot;:&quot;classic&quot;}\">\n\t\t\t<div class=\"elementor-widget-wrap elementor-element-populated\">\n\t\t\t\t\t\t<div class=\"elementor-element elementor-element-1a65baf0 elementor-widget__width-initial elementor-widget-mobile__width-initial elementor-invisible elementor-widget elementor-widget-heading\" data-id=\"1a65baf0\" data-element_type=\"widget\" data-e-type=\"widget\" data-settings=\"{&quot;_animation&quot;:&quot;fadeInUp&quot;,&quot;_animation_delay&quot;:200}\" data-widget_type=\"heading.default\">\n\t\t\t\t<div class=\"elementor-widget-container\">\n\t\t\t\t\t<span class=\"elementor-heading-title elementor-size-default\"><a href=\"http:\/\/d\">diyarbak\u0131r\nci\u011feri<\/a><\/span>\t\t\t\t<\/div>\n\t\t\t\t<\/div>\n\t\t\t\t<div class=\"elementor-element elementor-element-5a4e0062 elementor-invisible elementor-widget elementor-widget-text-editor\" data-id=\"5a4e0062\" data-element_type=\"widget\" data-e-type=\"widget\" data-settings=\"{&quot;_animation&quot;:&quot;fadeInUp&quot;,&quot;_animation_delay&quot;:400}\" data-widget_type=\"text-editor.default\">\n\t\t\t\t<div class=\"elementor-widget-container\">\n\t\t\t\t\t\t\t\t\t<p>Diyarbak\u0131r ci\u011feri, G\u00fcneydo\u011fu Anadolu mutfa\u011f\u0131n\u0131n en \u00fcnl\u00fc lezzetlerinden biridir. \u00d6zellikle Diyarbak\u0131r&#8217;da yap\u0131lan bu ci\u011fer, kuzu veya koyun ci\u011ferinden haz\u0131rlan\u0131r ve \u00f6zel baharatlarla harmanlanarak \u015fi\u015flere dizilir. Mangalda k\u00f6z ate\u015finde pi\u015firilir.<\/p>\t\t\t\t\t\t\t\t<\/div>\n\t\t\t\t<\/div>\n\t\t\t\t<div class=\"elementor-element elementor-element-1990b849 elementor-widget__width-initial elementor-widget-tablet__width-inherit elementor-widget-mobile__width-inherit elementor-absolute elementor-widget elementor-widget-spacer\" data-id=\"1990b849\" data-element_type=\"widget\" data-e-type=\"widget\" data-settings=\"{&quot;_position&quot;:&quot;absolute&quot;}\" data-widget_type=\"spacer.default\">\n\t\t\t\t<div class=\"elementor-widget-container\">\n\t\t\t\t\t\t\t<div class=\"elementor-spacer\">\n\t\t\t<div class=\"elementor-spacer-inner\"><\/div>\n\t\t<\/div>\n\t\t\t\t\t\t<\/div>\n\t\t\t\t<\/div>\n\t\t\t\t\t<\/div>\n\t\t<\/div>\n\t\t\t\t\t<\/div>\n\t\t<\/section>\n\t\t\t\t<section class=\"elementor-section elementor-top-section elementor-element elementor-element-6eaee604 elementor-section-height-min-height elementor-section-items-stretch elementor-section-content-middle elementor-section-boxed elementor-section-height-default\" data-id=\"6eaee604\" data-element_type=\"section\" data-e-type=\"section\" data-settings=\"{&quot;background_background&quot;:&quot;classic&quot;}\">\n\t\t\t\t\t\t<div class=\"elementor-container elementor-column-gap-no\">\n\t\t\t\t\t<div class=\"elementor-column elementor-col-100 elementor-top-column elementor-element elementor-element-5f97dcc2\" data-id=\"5f97dcc2\" data-element_type=\"column\" data-e-type=\"column\" data-settings=\"{&quot;background_background&quot;:&quot;classic&quot;}\">\n\t\t\t<div class=\"elementor-widget-wrap elementor-element-populated\">\n\t\t\t\t\t\t<div class=\"elementor-element elementor-element-20610dc9 elementor-invisible elementor-widget elementor-widget-heading\" data-id=\"20610dc9\" data-element_type=\"widget\" data-e-type=\"widget\" data-settings=\"{&quot;_animation&quot;:&quot;fadeIn&quot;,&quot;_animation_delay&quot;:400}\" data-widget_type=\"heading.default\">\n\t\t\t\t<div class=\"elementor-widget-container\">\n\t\t\t\t\t<h2 class=\"elementor-heading-title elementor-size-default\">burma kaday\u0131f\u0131<\/h2>\t\t\t\t<\/div>\n\t\t\t\t<\/div>\n\t\t\t\t<div class=\"elementor-element elementor-element-255810ab elementor-widget__width-initial elementor-invisible elementor-widget elementor-widget-text-editor\" data-id=\"255810ab\" data-element_type=\"widget\" data-e-type=\"widget\" data-settings=\"{&quot;_animation&quot;:&quot;fadeIn&quot;,&quot;_animation_delay&quot;:600}\" data-widget_type=\"text-editor.default\">\n\t\t\t\t<div class=\"elementor-widget-container\">\n\t\t\t\t\t\t\t\t\t<p>Burma Kaday\u0131f (Me\u015fnik), Diyarbak\u0131r mutfa\u011f\u0131n\u0131n geleneksel ve en lezzetli tatl\u0131lar\u0131ndan biridir. Genellikle \u00f6zel g\u00fcnlerde ve misafirler i\u00e7in haz\u0131rlanan bu tatl\u0131, ince tel kaday\u0131f\u0131n elle b\u00fck\u00fclerek (burularak) s\u0131k\u0131ca sar\u0131lmas\u0131 ile yap\u0131l\u0131r. \u0130\u00e7erisine bolca ceviz konularak sar\u0131l\u0131r ve daha sonra tereya\u011f\u0131 ile f\u0131r\u0131nda k\u0131zart\u0131l\u0131r. Pi\u015ftikten sonra \u00fczerine \u015ferbet d\u00f6k\u00fcl\u00fcr, bu da tatl\u0131ya hem \u00e7\u0131t\u0131r hem de \u015ferbetli bir doku kazand\u0131r\u0131r..<\/p>\t\t\t\t\t\t\t\t<\/div>\n\t\t\t\t<\/div>\n\t\t\t\t\t<\/div>\n\t\t<\/div>\n\t\t\t\t\t<\/div>\n\t\t<\/section>\n\t\t\t\t<section class=\"elementor-section elementor-top-section elementor-element elementor-element-1b8df487 elementor-section-full_width elementor-section-height-min-height elementor-section-items-stretch elementor-section-content-middle elementor-section-height-default\" data-id=\"1b8df487\" data-element_type=\"section\" data-e-type=\"section\">\n\t\t\t\t\t\t<div class=\"elementor-container elementor-column-gap-no\">\n\t\t\t\t\t<div class=\"elementor-column elementor-col-100 elementor-top-column elementor-element elementor-element-6ea67bbb\" data-id=\"6ea67bbb\" data-element_type=\"column\" data-e-type=\"column\">\n\t\t\t<div class=\"elementor-widget-wrap elementor-element-populated\">\n\t\t\t\t\t\t<div class=\"elementor-element elementor-element-79467523 elementor-widget__width-auto elementor-absolute elementor-invisible elementor-widget elementor-widget-image\" data-id=\"79467523\" data-element_type=\"widget\" data-e-type=\"widget\" data-settings=\"{&quot;_animation&quot;:&quot;slideInLeft&quot;,&quot;_position&quot;:&quot;absolute&quot;}\" data-widget_type=\"image.default\">\n\t\t\t\t<div class=\"elementor-widget-container\">\n\t\t\t\t\t\t\t\t\t\t\t\t\t\t\t<img fetchpriority=\"high\" decoding=\"async\" width=\"682\" height=\"1024\" src=\"https:\/\/gastrodiyari.com\/wp-content\/uploads\/2024\/10\/c773fc63-c3d3-47b5-934a-7e196b26a9a5-e1728990526978-682x1024.jpg\" class=\"attachment-large size-large wp-image-8854\" alt=\"\" srcset=\"https:\/\/gastrodiyari.com\/wp-content\/uploads\/2024\/10\/c773fc63-c3d3-47b5-934a-7e196b26a9a5-e1728990526978-682x1024.jpg 682w, https:\/\/gastrodiyari.com\/wp-content\/uploads\/2024\/10\/c773fc63-c3d3-47b5-934a-7e196b26a9a5-e1728990526978-600x901.jpg 600w, https:\/\/gastrodiyari.com\/wp-content\/uploads\/2024\/10\/c773fc63-c3d3-47b5-934a-7e196b26a9a5-e1728990526978-200x300.jpg 200w, https:\/\/gastrodiyari.com\/wp-content\/uploads\/2024\/10\/c773fc63-c3d3-47b5-934a-7e196b26a9a5-e1728990526978-768x1153.jpg 768w, https:\/\/gastrodiyari.com\/wp-content\/uploads\/2024\/10\/c773fc63-c3d3-47b5-934a-7e196b26a9a5-e1728990526978-1023x1536.jpg 1023w, https:\/\/gastrodiyari.com\/wp-content\/uploads\/2024\/10\/c773fc63-c3d3-47b5-934a-7e196b26a9a5-e1728990526978.jpg 1066w\" sizes=\"(max-width: 682px) 100vw, 682px\" \/>\t\t\t\t\t\t\t\t\t\t\t\t\t\t\t<\/div>\n\t\t\t\t<\/div>\n\t\t\t\t<section class=\"elementor-section elementor-inner-section elementor-element elementor-element-503e61cb elementor-section-height-min-height elementor-section-content-middle elementor-section-boxed elementor-section-height-default\" data-id=\"503e61cb\" data-element_type=\"section\" data-e-type=\"section\" data-settings=\"{&quot;background_background&quot;:&quot;classic&quot;}\">\n\t\t\t\t\t\t<div class=\"elementor-container elementor-column-gap-no\">\n\t\t\t\t\t<div class=\"elementor-column elementor-col-100 elementor-inner-column elementor-element elementor-element-4966e205\" data-id=\"4966e205\" data-element_type=\"column\" data-e-type=\"column\">\n\t\t\t<div class=\"elementor-widget-wrap elementor-element-populated\">\n\t\t\t\t\t\t<div class=\"elementor-element elementor-element-51a047e0 elementor-invisible elementor-widget elementor-widget-heading\" data-id=\"51a047e0\" data-element_type=\"widget\" data-e-type=\"widget\" data-settings=\"{&quot;_animation&quot;:&quot;fadeIn&quot;}\" data-widget_type=\"heading.default\">\n\t\t\t\t<div class=\"elementor-widget-container\">\n\t\t\t\t\t<h2 class=\"elementor-heading-title elementor-size-default\">\u0130\u00e7li K\u00f6fte<\/h2>\t\t\t\t<\/div>\n\t\t\t\t<\/div>\n\t\t\t\t<div class=\"elementor-element elementor-element-1ba2099f elementor-invisible elementor-widget elementor-widget-text-editor\" data-id=\"1ba2099f\" data-element_type=\"widget\" data-e-type=\"widget\" data-settings=\"{&quot;_animation&quot;:&quot;fadeIn&quot;,&quot;_animation_delay&quot;:200}\" data-widget_type=\"text-editor.default\">\n\t\t\t\t<div class=\"elementor-widget-container\">\n\t\t\t\t\t\t\t\t\t<p>\u0130\u00e7li k\u00f6fte, T\u00fcrkiye&#8217;nin \u00f6zellikle G\u00fcneydo\u011fu Anadolu b\u00f6lgesine ait olan, ince bulgur d\u0131\u015f\u0131 ve lezzetli i\u00e7 harc\u0131yla bilinen bir yemektir. Diyarbak\u0131r mutfa\u011f\u0131nda da \u00f6nemli bir yer tutan bu yemek, ince bulgur, irmik ve un kar\u0131\u015f\u0131m\u0131ndan yap\u0131lan d\u0131\u015f hamurla, i\u00e7i ise baharatl\u0131 k\u0131yma, so\u011fan ve cevizden olu\u015fan har\u00e7 ile haz\u0131rlan\u0131r.<\/p>\t\t\t\t\t\t\t\t<\/div>\n\t\t\t\t<\/div>\n\t\t\t\t\t<\/div>\n\t\t<\/div>\n\t\t\t\t\t<\/div>\n\t\t<\/section>\n\t\t\t\t\t<\/div>\n\t\t<\/div>\n\t\t\t\t\t<\/div>\n\t\t<\/section>\n\t\t\t\t<section class=\"elementor-section elementor-top-section elementor-element elementor-element-6a979e3d elementor-section-height-min-height elementor-section-items-stretch elementor-section-content-bottom elementor-section-boxed elementor-section-height-default\" data-id=\"6a979e3d\" data-element_type=\"section\" data-e-type=\"section\" data-settings=\"{&quot;background_background&quot;:&quot;classic&quot;}\">\n\t\t\t\t\t\t<div class=\"elementor-container elementor-column-gap-no\">\n\t\t\t\t\t<div class=\"elementor-column elementor-col-50 elementor-top-column elementor-element elementor-element-606f064e\" data-id=\"606f064e\" data-element_type=\"column\" data-e-type=\"column\" data-settings=\"{&quot;background_background&quot;:&quot;classic&quot;}\">\n\t\t\t<div class=\"elementor-widget-wrap elementor-element-populated\">\n\t\t\t\t\t\t<div class=\"elementor-element elementor-element-6c0b72e1 elementor-invisible elementor-widget elementor-widget-image-box\" data-id=\"6c0b72e1\" data-element_type=\"widget\" data-e-type=\"widget\" data-settings=\"{&quot;_animation&quot;:&quot;fadeIn&quot;,&quot;_animation_delay&quot;:400}\" data-widget_type=\"image-box.default\">\n\t\t\t\t<div class=\"elementor-widget-container\">\n\t\t\t\t\t<div class=\"elementor-image-box-wrapper\"><div class=\"elementor-image-box-content\"><h3 class=\"elementor-image-box-title\">kuru Dolma<\/h3><p class=\"elementor-image-box-description\">G\u00fcneydo\u011fu Anadolu b\u00f6lgesinde pop\u00fcler olan, kurutulmu\u015f sebzelerle yap\u0131lan bir dolma \u00e7e\u015fididir. Diyarbak\u0131r mutfa\u011f\u0131n\u0131n da \u00f6nemli bir par\u00e7as\u0131 olan bu yemek, yaz aylar\u0131nda taze olarak toplanan patl\u0131can, biber, kabak gibi sebzelerin kurutulup k\u0131\u015f\u0131n dolma olarak kullan\u0131lmas\u0131yla haz\u0131rlan\u0131r.<\/p><\/div><\/div>\t\t\t\t<\/div>\n\t\t\t\t<\/div>\n\t\t\t\t<div class=\"elementor-element elementor-element-372bf653 elementor-widget__width-initial elementor-widget-tablet__width-inherit elementor-widget-mobile__width-inherit elementor-absolute elementor-widget elementor-widget-spacer\" data-id=\"372bf653\" data-element_type=\"widget\" data-e-type=\"widget\" data-settings=\"{&quot;_position&quot;:&quot;absolute&quot;}\" data-widget_type=\"spacer.default\">\n\t\t\t\t<div class=\"elementor-widget-container\">\n\t\t\t\t\t\t\t<div class=\"elementor-spacer\">\n\t\t\t<div class=\"elementor-spacer-inner\"><\/div>\n\t\t<\/div>\n\t\t\t\t\t\t<\/div>\n\t\t\t\t<\/div>\n\t\t\t\t\t<\/div>\n\t\t<\/div>\n\t\t\t\t<div class=\"elementor-column elementor-col-50 elementor-top-column elementor-element elementor-element-2d8538f3\" data-id=\"2d8538f3\" data-element_type=\"column\" data-e-type=\"column\">\n\t\t\t<div class=\"elementor-widget-wrap\">\n\t\t\t\t\t\t\t<\/div>\n\t\t<\/div>\n\t\t\t\t\t<\/div>\n\t\t<\/section>\n\t\t\t\t<\/div>\n\t\t","protected":false},"excerpt":{"rendered":"<p>diyarbak\u0131r ci\u011feri Diyarbak\u0131r ci\u011feri, G\u00fcneydo\u011fu Anadolu mutfa\u011f\u0131n\u0131n en \u00fcnl\u00fc lezzetlerinden biridir. \u00d6zellikle Diyarbak\u0131r&#8217;da yap\u0131lan bu ci\u011fer, kuzu veya koyun ci\u011ferinden haz\u0131rlan\u0131r ve \u00f6zel baharatlarla harmanlanarak \u015fi\u015flere dizilir. Mangalda k\u00f6z ate\u015finde pi\u015firilir. burma kaday\u0131f\u0131 Burma Kaday\u0131f (Me\u015fnik), Diyarbak\u0131r mutfa\u011f\u0131n\u0131n geleneksel ve en lezzetli tatl\u0131lar\u0131ndan biridir. Genellikle \u00f6zel g\u00fcnlerde ve misafirler i\u00e7in haz\u0131rlanan bu tatl\u0131, ince tel [&hellip;]<\/p>\n","protected":false},"author":1,"featured_media":0,"parent":0,"menu_order":0,"comment_status":"closed","ping_status":"closed","template":"","meta":{"footnotes":""},"class_list":["post-9703","page","type-page","status-publish","hentry"],"amp_enabled":false,"_links":{"self":[{"href":"https:\/\/gastrodiyari.com\/index.php?rest_route=\/wp\/v2\/pages\/9703","targetHints":{"allow":["GET"]}}],"collection":[{"href":"https:\/\/gastrodiyari.com\/index.php?rest_route=\/wp\/v2\/pages"}],"about":[{"href":"https:\/\/gastrodiyari.com\/index.php?rest_route=\/wp\/v2\/types\/page"}],"author":[{"embeddable":true,"href":"https:\/\/gastrodiyari.com\/index.php?rest_route=\/wp\/v2\/users\/1"}],"replies":[{"embeddable":true,"href":"https:\/\/gastrodiyari.com\/index.php?rest_route=%2Fwp%2Fv2%2Fcomments&post=9703"}],"version-history":[{"count":3,"href":"https:\/\/gastrodiyari.com\/index.php?rest_route=\/wp\/v2\/pages\/9703\/revisions"}],"predecessor-version":[{"id":10555,"href":"https:\/\/gastrodiyari.com\/index.php?rest_route=\/wp\/v2\/pages\/9703\/revisions\/10555"}],"wp:attachment":[{"href":"https:\/\/gastrodiyari.com\/index.php?rest_route=%2Fwp%2Fv2%2Fmedia&parent=9703"}],"curies":[{"name":"wp","href":"https:\/\/api.w.org\/{rel}","templated":true}]}}